{"id":15605,"date":"2023-06-04T09:12:23","date_gmt":"2023-06-04T08:12:23","guid":{"rendered":"https:\/\/preciosboom.com\/?post_type=product&#038;p=15605"},"modified":"2024-06-02T19:26:14","modified_gmt":"2024-06-02T18:26:14","slug":"fouta-pareo-multicolor","status":"publish","type":"product","link":"https:\/\/preciosboom2.rwdesarrollos.es\/ca\/product\/fouta-pareo-multicolor\/","title":{"rendered":"1 Fouta pareo multicolor, pareo- fouta rayas multicolor toalla"},"content":{"rendered":"<h1>Fouta pareo multicolor, pareo- fouta rayas multicolor toalla<\/h1>\n<p>Fouta toalla de playa pareo rayas, azules grises y rosas.<\/p>\n<p>Ideal para el verano, playa, piscina, actividades al aire libre.<\/p>\n<p>F\u00e1cil de llevar y plegar , ocupa muy poco sitio.<\/p>\n<p>Medidas aproximadas 100&#215;180 cent\u00edmetros , peso 250 gramos , composici\u00f3n 80% algod\u00f3n y 20% poli\u00e9ster .<\/p>\n<p>Tejido a mano y suave.<\/p>\n<p>L<span class=\"a-list-item\">iviana toalla ideal para las vacaciones, la sauna, la playa, la acampada, etc. No ocupa casi espacio y seca con rapidez. <\/span><\/p>\n<p>Ideal para el equipaje de mano , bolso , bolsa de playa , mochila , etc.<\/p>\n<p><span class=\"a-list-item\">Vers\u00e1til: perfecto para tumbonas de playa, piscina, fitness, hammam, sauna, gimnasio, yoga, deportes, viajes, camping y picnic <\/span><\/p>\n<p><span class=\"a-list-item\">Esta toalla es m\u00e1s fina que una toalla de playa de algod\u00f3n normal lo que la hace m\u00e1s practica , al pesar menos y ocupar poco sitio.<\/span><\/p>\n<h2>Fouta pareo multicolor, pareo- fouta rayas multicolor toalla<\/h2>\n<p><a href=\"https:\/\/preciosboom2.rwdesarrollos.es\/ca\/product\/fouta-toalla-de-playa-pareo-rayas\/\">Fouta toalla de playa pareo rayas<\/a><\/p>\n<p>&nbsp;<\/p>","protected":false},"excerpt":{"rendered":"<h2>1 Fouta pareo multicolor, pareo- fouta rayas multicolor toalla<\/h2>\n<p><a href=\"http:\/\/1 Fouta pareo multicolor, pareo- fouta rayas multicolor toalla\">http:\/\/1 Fouta pareo multicolor, pareo- fouta rayas multicolor toalla<\/a><\/p>","protected":false},"featured_media":15606,"comment_status":"open","ping_status":"closed","template":"","meta":{"_joinchat":[]},"product_cat":[219,218,113],"product_tag":[],"_links":{"self":[{"href":"https:\/\/preciosboom2.rwdesarrollos.es\/ca\/wp-json\/wp\/v2\/product\/15605"}],"collection":[{"href":"https:\/\/preciosboom2.rwdesarrollos.es\/ca\/wp-json\/wp\/v2\/product"}],"about":[{"href":"https:\/\/preciosboom2.rwdesarrollos.es\/ca\/wp-json\/wp\/v2\/types\/product"}],"replies":[{"embeddable":true,"href":"https:\/\/preciosboom2.rwdesarrollos.es\/ca\/wp-json\/wp\/v2\/comments?post=15605"}],"wp:featuredmedia":[{"embeddable":true,"href":"https:\/\/preciosboom2.rwdesarrollos.es\/ca\/wp-json\/wp\/v2\/media\/15606"}],"wp:attachment":[{"href":"https:\/\/preciosboom2.rwdesarrollos.es\/ca\/wp-json\/wp\/v2\/media?parent=15605"}],"wp:term":[{"taxonomy":"product_cat","embeddable":true,"href":"https:\/\/preciosboom2.rwdesarrollos.es\/ca\/wp-json\/wp\/v2\/product_cat?post=15605"},{"taxonomy":"product_tag","embeddable":true,"href":"https:\/\/preciosboom2.rwdesarrollos.es\/ca\/wp-json\/wp\/v2\/product_tag?post=15605"}],"curies":[{"name":"wp","href":"https:\/\/api.w.org\/{rel}","templated":true}]}}