{"id":13023,"date":"2021-12-15T11:41:52","date_gmt":"2021-12-15T10:41:52","guid":{"rendered":"https:\/\/preciosboom.com\/?post_type=product&#038;p=13023"},"modified":"2024-06-06T00:06:42","modified_gmt":"2024-06-05T23:06:42","slug":"guantes-deporte","status":"publish","type":"product","link":"https:\/\/preciosboom2.rwdesarrollos.es\/ca\/product\/guantes-deporte\/","title":{"rendered":"Guantes Deporte Gimnasio Unisex musculacion gym 1 par"},"content":{"rendered":"<h1>Guantes Deporte Gimnasio Unisex musculaci\u00f3n gym 1 par<\/h1>\n<p>Guants Gimn\u00e0s Unisex<\/p>\n<ul style=\"list-style-type: circle;\">\n<li>Aquests guants s\u00f3n ideals per l'aixecament de peses, Crossfit, dominades en barra, Kettlebell, ciclisme, entrenaments a l'aire lliure\u2026<\/li>\n<li>Tenen un disseny antilliscant amb el que obtens una adher\u00e8ncia segura i reduiex la formaci\u00f3 de calls i ampolles a les mans. Els guants de gimn\u00e0sia protegeixen completament les teves mans.<\/li>\n<li>Estan fets de microfibra d'alta qualitat i gr\u00e0cies a la malla transpirable mantenim les mans seques, evitant la sudoraci\u00f3 excessiva.<\/li>\n<li><span style=\"font-size: 1rem;\">Enforteix la protecci\u00f3 dels canells: Augmenta la longitud de la corretja del canell, f\u00e0cil d'ajustar i adaptable als canells de tots. La pulsera flexible \u00e9s suau i c\u00f2moda, protegeix els canells en totes les direccions i redeuix la fricci\u00f3 durant l'entrenament.<\/span><\/li>\n<li>Tenen un disseny d'anell d'extracci\u00f3, ja que llevar-se els guants despr\u00e9s de suar i fer exercici pot ser dif\u00edcil. S'ha afegit uns anells d'extracci\u00f3 per fer-los totalment ajustables i f\u00e0cils de posar i llevar gr\u00e0cies a les lleng\u00fcetes.<\/li>\n<li>Color negre.<\/li>\n<li>Talles M, L, XL<\/li>\n<li>Indicar la talla al final del pedido en las observaciones<\/li>\n<\/ul>","protected":false},"excerpt":{"rendered":"<h2>Guantes Deporte Gimnasio Unisex musculaci\u00f3n gym 1 par<\/h2>\n<p><a href=\"http:\/\/Guantes Deporte\">http:\/\/Guantes Deporte<\/a><\/p>\n<p><a href=\"https:\/\/preciosboom2.rwdesarrollos.es\/ca\/product\/guantes-gimnasio-unisex\/\">Guantes Deporte Gimnasio Unisex musculacion gym<\/a><\/p>\n<p><a href=\"https:\/\/preciosboom2.rwdesarrollos.es\/wp-content\/uploads\/2021\/12\/9262-5.png\">https:\/\/preciosboom2.rwdesarrollos.es\/wp-content\/uploads\/2021\/12\/9262-5.png<\/a><\/p>\n<p>&nbsp;<\/p>","protected":false},"featured_media":13024,"comment_status":"open","ping_status":"closed","template":"","meta":{"_joinchat":[]},"product_cat":[110],"product_tag":[],"_links":{"self":[{"href":"https:\/\/preciosboom2.rwdesarrollos.es\/ca\/wp-json\/wp\/v2\/product\/13023"}],"collection":[{"href":"https:\/\/preciosboom2.rwdesarrollos.es\/ca\/wp-json\/wp\/v2\/product"}],"about":[{"href":"https:\/\/preciosboom2.rwdesarrollos.es\/ca\/wp-json\/wp\/v2\/types\/product"}],"replies":[{"embeddable":true,"href":"https:\/\/preciosboom2.rwdesarrollos.es\/ca\/wp-json\/wp\/v2\/comments?post=13023"}],"wp:featuredmedia":[{"embeddable":true,"href":"https:\/\/preciosboom2.rwdesarrollos.es\/ca\/wp-json\/wp\/v2\/media\/13024"}],"wp:attachment":[{"href":"https:\/\/preciosboom2.rwdesarrollos.es\/ca\/wp-json\/wp\/v2\/media?parent=13023"}],"wp:term":[{"taxonomy":"product_cat","embeddable":true,"href":"https:\/\/preciosboom2.rwdesarrollos.es\/ca\/wp-json\/wp\/v2\/product_cat?post=13023"},{"taxonomy":"product_tag","embeddable":true,"href":"https:\/\/preciosboom2.rwdesarrollos.es\/ca\/wp-json\/wp\/v2\/product_tag?post=13023"}],"curies":[{"name":"wp","href":"https:\/\/api.w.org\/{rel}","templated":true}]}}