{"id":12808,"date":"2021-10-14T07:42:23","date_gmt":"2021-10-14T07:42:23","guid":{"rendered":"https:\/\/preciosboom.com\/?post_type=product&#038;p=12808"},"modified":"2024-03-03T12:08:09","modified_gmt":"2024-03-03T11:08:09","slug":"comba-de-saltar-sin-caja","status":"publish","type":"product","link":"https:\/\/preciosboom2.rwdesarrollos.es\/ca\/product\/comba-de-saltar-sin-caja\/","title":{"rendered":"Comba de saltar 2,8 metros"},"content":{"rendered":"<h1>Comba de saltar 2,8 metros<\/h1>\n<p>Comba de botar perfecta per fer exercici cardiovascular d'alta intensitat.<\/p>\n<p>F\u00e0cil d'ajustar per adaptar-se a totes les mesures.<\/p>\n<p>Al tenir els m\u00e0necs d'espuma, fa que l'adher\u00e8ncia sigui molt m\u00e9s c\u00f2mode i no patini de les mans.<\/p>\n<p>Medeix 2,8 metros<\/p>\n<p>&nbsp;<\/p>","protected":false},"excerpt":{"rendered":"<h2>Comba de saltar 2,8 metros<\/h2>\n<p>Comba de botar perfecta per fer exercici cardiovascular d'alta intensitat.<\/p>\n<p>F\u00e0cil d'ajustar per adaptar-se a totes les mesures.<\/p>\n<p>Al tenir els m\u00e0necs d'espuma, fa que l'adher\u00e8ncia sigui molt m\u00e9s c\u00f2mode i no patini de les mans.<\/p>\n<p>Medeix 2,8 metros<\/p>\n<p><a href=\"http:\/\/Comba de saltar sin caja\">http:\/\/Comba de saltar sin caja<\/a><\/p>\n<p><a href=\"https:\/\/preciosboom2.rwdesarrollos.es\/wp-content\/uploads\/2021\/10\/9264-1-ok.png\">https:\/\/preciosboom2.rwdesarrollos.es\/wp-content\/uploads\/2021\/10\/9264-1-ok.png<\/a><\/p>","protected":false},"featured_media":12809,"comment_status":"open","ping_status":"closed","template":"","meta":{"_joinchat":[]},"product_cat":[110],"product_tag":[],"_links":{"self":[{"href":"https:\/\/preciosboom2.rwdesarrollos.es\/ca\/wp-json\/wp\/v2\/product\/12808"}],"collection":[{"href":"https:\/\/preciosboom2.rwdesarrollos.es\/ca\/wp-json\/wp\/v2\/product"}],"about":[{"href":"https:\/\/preciosboom2.rwdesarrollos.es\/ca\/wp-json\/wp\/v2\/types\/product"}],"replies":[{"embeddable":true,"href":"https:\/\/preciosboom2.rwdesarrollos.es\/ca\/wp-json\/wp\/v2\/comments?post=12808"}],"wp:featuredmedia":[{"embeddable":true,"href":"https:\/\/preciosboom2.rwdesarrollos.es\/ca\/wp-json\/wp\/v2\/media\/12809"}],"wp:attachment":[{"href":"https:\/\/preciosboom2.rwdesarrollos.es\/ca\/wp-json\/wp\/v2\/media?parent=12808"}],"wp:term":[{"taxonomy":"product_cat","embeddable":true,"href":"https:\/\/preciosboom2.rwdesarrollos.es\/ca\/wp-json\/wp\/v2\/product_cat?post=12808"},{"taxonomy":"product_tag","embeddable":true,"href":"https:\/\/preciosboom2.rwdesarrollos.es\/ca\/wp-json\/wp\/v2\/product_tag?post=12808"}],"curies":[{"name":"wp","href":"https:\/\/api.w.org\/{rel}","templated":true}]}}