{"id":12697,"date":"2021-09-13T12:21:13","date_gmt":"2021-09-13T12:21:13","guid":{"rendered":"https:\/\/preciosboom.com\/?post_type=product&#038;p=12697"},"modified":"2024-04-03T18:23:12","modified_gmt":"2024-04-03T17:23:12","slug":"piscina-spiderman","status":"publish","type":"product","link":"https:\/\/preciosboom2.rwdesarrollos.es\/ca\/product\/piscina-spiderman\/","title":{"rendered":"Piscina Spiderman. Piscina especial ni\u00f1os hinchable. 100 cm"},"content":{"rendered":"<h1>Piscina Spiderman<\/h1>\n<p>Incre\u00edble piscina hinchable Spiderman, especial ni\u00f1os.<\/p>\n<p>Su medida aproximada 100 cms. Ideal para patios, Se puede llenar tambi\u00e9n de bolas (no incluidas) para que los ni\u00f1os se diviertan con este super h\u00e9roe.<\/p>\n<p>No se manda hinchada.<\/p>\n<p>Sin inflador.<\/p>\n<p>&nbsp;<\/p>","protected":false},"excerpt":{"rendered":"<h2>Piscina Spiderman<\/h2>\n<p>Incre\u00edble piscina hinchable Spiderman, especial ni\u00f1os.<\/p>\n<p>Su medida aproximada 100 cms. Ideal para patios, Se puede llenar tambi\u00e9n de bolas (no incluidas) para que los ni\u00f1os se diviertan con este super h\u00e9roe.<\/p>\n<p>No se manda hinchada.<\/p>\n<p>Sin inflador.<\/p>\n<h2><a href=\"http:\/\/Piscina Spiderman\">http:\/\/Piscina Spiderman<\/a><\/h2>\n<p><a href=\"https:\/\/preciosboom2.rwdesarrollos.es\/wp-content\/uploads\/2021\/09\/9633.png\">https:\/\/preciosboom2.rwdesarrollos.es\/wp-content\/uploads\/2021\/09\/9633.png<\/a><\/p>","protected":false},"featured_media":12698,"comment_status":"open","ping_status":"closed","template":"","meta":{"_joinchat":[]},"product_cat":[229,212,113],"product_tag":[234],"_links":{"self":[{"href":"https:\/\/preciosboom2.rwdesarrollos.es\/ca\/wp-json\/wp\/v2\/product\/12697"}],"collection":[{"href":"https:\/\/preciosboom2.rwdesarrollos.es\/ca\/wp-json\/wp\/v2\/product"}],"about":[{"href":"https:\/\/preciosboom2.rwdesarrollos.es\/ca\/wp-json\/wp\/v2\/types\/product"}],"replies":[{"embeddable":true,"href":"https:\/\/preciosboom2.rwdesarrollos.es\/ca\/wp-json\/wp\/v2\/comments?post=12697"}],"wp:featuredmedia":[{"embeddable":true,"href":"https:\/\/preciosboom2.rwdesarrollos.es\/ca\/wp-json\/wp\/v2\/media\/12698"}],"wp:attachment":[{"href":"https:\/\/preciosboom2.rwdesarrollos.es\/ca\/wp-json\/wp\/v2\/media?parent=12697"}],"wp:term":[{"taxonomy":"product_cat","embeddable":true,"href":"https:\/\/preciosboom2.rwdesarrollos.es\/ca\/wp-json\/wp\/v2\/product_cat?post=12697"},{"taxonomy":"product_tag","embeddable":true,"href":"https:\/\/preciosboom2.rwdesarrollos.es\/ca\/wp-json\/wp\/v2\/product_tag?post=12697"}],"curies":[{"name":"wp","href":"https:\/\/api.w.org\/{rel}","templated":true}]}}