{"id":12603,"date":"2021-08-23T10:14:38","date_gmt":"2021-08-23T10:14:38","guid":{"rendered":"https:\/\/preciosboom.com\/?post_type=product&#038;p=12603"},"modified":"2024-06-19T09:59:33","modified_gmt":"2024-06-19T08:59:33","slug":"pop-it-parchis","status":"publish","type":"product","link":"https:\/\/preciosboom2.rwdesarrollos.es\/ca\/product\/pop-it-parchis\/","title":{"rendered":"Pop it Parch\u00eds antiestr\u00e9s 1 unidad"},"content":{"rendered":"<h1>Pop it Parch\u00eds antiestr\u00e9s 1 unidad<\/h1>\n<p>Pop it antiestr\u00e9s con parch\u00eds.<\/p>\n<p>Incluye dos dados.<\/p>\n<p>Varios colores.<\/p>\n<p>&nbsp;<\/p>","protected":false},"excerpt":{"rendered":"<h2>Pop it Parch\u00eds antiestr\u00e9s 1 unidad<\/h2>\n<p>Pop it antiestr\u00e9s con parch\u00eds.<\/p>\n<p>Incluye dos dados.<\/p>\n<p><a href=\"http:\/\/Pop it Parch\u00eds\">http:\/\/Pop it Parch\u00eds<\/a><\/p>\n<p><a href=\"https:\/\/preciosboom2.rwdesarrollos.es\/wp-content\/uploads\/2021\/08\/1343-5.png\">https:\/\/preciosboom2.rwdesarrollos.es\/wp-content\/uploads\/2021\/08\/1343-5.png<\/a><\/p>\n<p>Varios colores.<\/p>","protected":false},"featured_media":12606,"comment_status":"open","ping_status":"closed","template":"","meta":{"_joinchat":[]},"product_cat":[216,232],"product_tag":[],"_links":{"self":[{"href":"https:\/\/preciosboom2.rwdesarrollos.es\/ca\/wp-json\/wp\/v2\/product\/12603"}],"collection":[{"href":"https:\/\/preciosboom2.rwdesarrollos.es\/ca\/wp-json\/wp\/v2\/product"}],"about":[{"href":"https:\/\/preciosboom2.rwdesarrollos.es\/ca\/wp-json\/wp\/v2\/types\/product"}],"replies":[{"embeddable":true,"href":"https:\/\/preciosboom2.rwdesarrollos.es\/ca\/wp-json\/wp\/v2\/comments?post=12603"}],"wp:featuredmedia":[{"embeddable":true,"href":"https:\/\/preciosboom2.rwdesarrollos.es\/ca\/wp-json\/wp\/v2\/media\/12606"}],"wp:attachment":[{"href":"https:\/\/preciosboom2.rwdesarrollos.es\/ca\/wp-json\/wp\/v2\/media?parent=12603"}],"wp:term":[{"taxonomy":"product_cat","embeddable":true,"href":"https:\/\/preciosboom2.rwdesarrollos.es\/ca\/wp-json\/wp\/v2\/product_cat?post=12603"},{"taxonomy":"product_tag","embeddable":true,"href":"https:\/\/preciosboom2.rwdesarrollos.es\/ca\/wp-json\/wp\/v2\/product_tag?post=12603"}],"curies":[{"name":"wp","href":"https:\/\/api.w.org\/{rel}","templated":true}]}}