{"id":12510,"date":"2021-03-06T08:12:45","date_gmt":"2021-03-06T08:12:45","guid":{"rendered":"https:\/\/preciosboom.com\/?post_type=product&#038;p=12510"},"modified":"2024-04-03T18:39:06","modified_gmt":"2024-04-03T17:39:06","slug":"cinturon-deportes","status":"publish","type":"product","link":"https:\/\/preciosboom2.rwdesarrollos.es\/ca\/product\/cinturon-deportes\/","title":{"rendered":"Cintur\u00f3n deportes Fitness musculaci\u00f3n. 1 unidad"},"content":{"rendered":"<h1>Cintur\u00f3 Esports Fitness Musculaci\u00f3<\/h1>\n<p>Cintur\u00f3n para crossfit , powerlifting, fitness, musculaci\u00f3n para altas cargas.<br \/>\n3 colores disponibles: negro, rosa y azul. 3 tallas disponibles M, L, XL<\/p>\n<p>Puede indicar la talla y el color al final del pedido en las observaciones del pedido.<\/p>","protected":false},"excerpt":{"rendered":"<h2>Cintur\u00f3 Esports Fitness Musculaci\u00f3<\/h2>\n<p>Cintur\u00f3n para crossfit , powerlifting, fitness, musculaci\u00f3n para altas cargas.<br \/>\n3 colores disponibles: negro, rosa y azul. 3 tallas disponibles M, L, XL<\/p>\n<p><a href=\"http:\/\/Cintur\u00f3n deportes\">http:\/\/Cintur\u00f3n deportes<\/a><\/p>\n<p><a href=\"https:\/\/preciosboom2.rwdesarrollos.es\/wp-content\/uploads\/2021\/03\/9261.png\">https:\/\/preciosboom2.rwdesarrollos.es\/wp-content\/uploads\/2021\/03\/9261.png<\/a><\/p>","protected":false},"featured_media":12934,"comment_status":"open","ping_status":"closed","template":"","meta":{"_joinchat":[]},"product_cat":[110],"product_tag":[],"_links":{"self":[{"href":"https:\/\/preciosboom2.rwdesarrollos.es\/ca\/wp-json\/wp\/v2\/product\/12510"}],"collection":[{"href":"https:\/\/preciosboom2.rwdesarrollos.es\/ca\/wp-json\/wp\/v2\/product"}],"about":[{"href":"https:\/\/preciosboom2.rwdesarrollos.es\/ca\/wp-json\/wp\/v2\/types\/product"}],"replies":[{"embeddable":true,"href":"https:\/\/preciosboom2.rwdesarrollos.es\/ca\/wp-json\/wp\/v2\/comments?post=12510"}],"wp:featuredmedia":[{"embeddable":true,"href":"https:\/\/preciosboom2.rwdesarrollos.es\/ca\/wp-json\/wp\/v2\/media\/12934"}],"wp:attachment":[{"href":"https:\/\/preciosboom2.rwdesarrollos.es\/ca\/wp-json\/wp\/v2\/media?parent=12510"}],"wp:term":[{"taxonomy":"product_cat","embeddable":true,"href":"https:\/\/preciosboom2.rwdesarrollos.es\/ca\/wp-json\/wp\/v2\/product_cat?post=12510"},{"taxonomy":"product_tag","embeddable":true,"href":"https:\/\/preciosboom2.rwdesarrollos.es\/ca\/wp-json\/wp\/v2\/product_tag?post=12510"}],"curies":[{"name":"wp","href":"https:\/\/api.w.org\/{rel}","templated":true}]}}