{"id":12333,"date":"2020-10-21T10:34:41","date_gmt":"2020-10-21T10:34:41","guid":{"rendered":"https:\/\/preciosboom.com\/?post_type=product&#038;p=12333"},"modified":"2023-10-26T10:46:20","modified_gmt":"2023-10-26T09:46:20","slug":"pegamento","status":"publish","type":"product","link":"https:\/\/preciosboom2.rwdesarrollos.es\/ca\/product\/pegamento\/","title":{"rendered":"Cola de barra 21 grams"},"content":{"rendered":"<h1 id=\"title\" class=\"a-size-large a-spacing-none\"><span id=\"productTitle\" class=\"a-size-large product-title-word-break\">Pegamento de barra adhesiva, 21 gramos<\/span><\/h1>\n<p><span class=\"a-list-item\">Apte per \u00fas escolar, professional i dom\u00e8stic<\/span>.<\/p>\n<p><span class=\"a-list-item\">Aplicador pr\u00e0ctic i f\u00e0cil d'usar.<\/span><\/p>\n<p><span class=\"a-list-item\">Pr\u00e0ctic: aplicador en barra f\u00e0cil d'usar, adhesiu sense dissolvent i a base d'aigua, ideal per a nins ja que es pot rentar amb facilitat. <\/span><\/p>\n<p><span class=\"a-list-item\">Goma en Barra: pegamento fuerte de uni\u00f3n r\u00e1pida y sin ensuciar, ideal para papel, cart\u00f3n, fotos, telas y otros art\u00edculos ligeros.<\/span><\/p>\n<p><span class=\"a-list-item\">C\u00f2mode: m\u00e0xim lliscament sobre el paper i assecat instantani, a m\u00e9s no humiteja el paper.<\/span><\/p>\n<p>Precio por unidad 0,50 c\u00e9ntimos y el pack de 2 barras de pegamento a 1,00 euro.<\/p>\n<p>&nbsp;<\/p>\n<p>&nbsp;<\/p>","protected":false},"excerpt":{"rendered":"<h2 id=\"title\" class=\"a-size-large a-spacing-none\"><span id=\"productTitle\" class=\"a-size-large product-title-word-break\">Pegamento de\u00a0 barra adhesiva, 21 gramos<\/span><\/h2>\n<p><span class=\"a-list-item\">Apte per \u00fas escolar, professional i dom\u00e8stic<\/span>.<\/p>\n<p><span class=\"a-list-item\">Aplicador pr\u00e0ctic i f\u00e0cil d'usar.<\/span><\/p>\n<p><span class=\"a-list-item\">Pr\u00e0ctic: aplicador en barra f\u00e0cil d'usar, adhesiu sense dissolvent i a base d'aigua, ideal per a nins ja que es pot rentar amb facilitat. <\/span><\/p>\n<p><span class=\"a-list-item\">Goma en Barra: pegamento fuerte de uni\u00f3n r\u00e1pida y sin ensuciar, ideal para papel, cart\u00f3n, fotos, telas y otros art\u00edculos ligeros.<\/span><\/p>\n<p><span class=\"a-list-item\">C\u00f2mode: m\u00e0xim lliscament sobre el paper i assecat instantani, a m\u00e9s no humiteja el paper.<\/span><\/p>\n<p>Precio por unidad 0,50 c\u00e9ntimos y el pack de 2 barras de pegamento a 1,00 euro.<\/p>\n<p><a href=\"http:\/\/Pegamento de barra\">http:\/\/Pegamento de barra<\/a><\/p>\n<p><a href=\"https:\/\/preciosboom2.rwdesarrollos.es\/wp-content\/uploads\/2020\/10\/2275-1.jpg\">https:\/\/preciosboom2.rwdesarrollos.es\/wp-content\/uploads\/2020\/10\/2275-1.jpg<\/a><\/p>","protected":false},"featured_media":12337,"comment_status":"open","ping_status":"closed","template":"","meta":{"_joinchat":[]},"product_cat":[112],"product_tag":[],"_links":{"self":[{"href":"https:\/\/preciosboom2.rwdesarrollos.es\/ca\/wp-json\/wp\/v2\/product\/12333"}],"collection":[{"href":"https:\/\/preciosboom2.rwdesarrollos.es\/ca\/wp-json\/wp\/v2\/product"}],"about":[{"href":"https:\/\/preciosboom2.rwdesarrollos.es\/ca\/wp-json\/wp\/v2\/types\/product"}],"replies":[{"embeddable":true,"href":"https:\/\/preciosboom2.rwdesarrollos.es\/ca\/wp-json\/wp\/v2\/comments?post=12333"}],"wp:featuredmedia":[{"embeddable":true,"href":"https:\/\/preciosboom2.rwdesarrollos.es\/ca\/wp-json\/wp\/v2\/media\/12337"}],"wp:attachment":[{"href":"https:\/\/preciosboom2.rwdesarrollos.es\/ca\/wp-json\/wp\/v2\/media?parent=12333"}],"wp:term":[{"taxonomy":"product_cat","embeddable":true,"href":"https:\/\/preciosboom2.rwdesarrollos.es\/ca\/wp-json\/wp\/v2\/product_cat?post=12333"},{"taxonomy":"product_tag","embeddable":true,"href":"https:\/\/preciosboom2.rwdesarrollos.es\/ca\/wp-json\/wp\/v2\/product_tag?post=12333"}],"curies":[{"name":"wp","href":"https:\/\/api.w.org\/{rel}","templated":true}]}}