{"id":12329,"date":"2020-10-21T09:43:48","date_gmt":"2020-10-21T09:43:48","guid":{"rendered":"https:\/\/preciosboom.com\/?post_type=product&#038;p=12329"},"modified":"2024-03-05T08:36:57","modified_gmt":"2024-03-05T07:36:57","slug":"celo-transparente","status":"publish","type":"product","link":"https:\/\/preciosboom2.rwdesarrollos.es\/ca\/product\/celo-transparente\/","title":{"rendered":"celo transparente. Cinta adhesiva celo transparente 19&#215;33 mm"},"content":{"rendered":"<h1 id=\"title\" class=\"a-size-large a-spacing-none\"><span id=\"productTitle\" class=\"a-size-large product-title-word-break\"> Cinta adhesiva celo transparent 19 mm x 33 m <\/span><\/h1>\n<p><span class=\"a-list-item\">Cinta adhesiva celo transparent 19 mm x 33 m d'\u00fas universal. <\/span><\/p>\n<p><span class=\"a-list-item\">Es desenrotlla f\u00e0cilment i \u00e9s d'esquin\u00e7at f\u00e0cil<\/span>.<\/p>\n<p><span class=\"a-list-item\">Adhesiu de llarga duraci\u00f3 <\/span><\/p>\n<p><span class=\"a-list-item\">Resistent a la humitat<\/span>.<\/p>\n<p><span class=\"a-list-item\">Apta per a treballs de fixaci\u00f3 dom\u00e8stics i en l'oficina,<\/span>.<\/p>\n<p><span class=\"a-list-item\">Proporciona una adhesi\u00f3 potent, duradora i instant\u00e0nea<\/span>.<\/p>\n<p><span class=\"a-list-item\">Ideal per utilitzar-se amb gran capacitat de materials distints, com paper, laminats i molt m\u00e9s <\/span><\/p>\n<p>Precio por unidad , cada celo vale 0,40 c\u00e9ntimos.<\/p>\n<p>&nbsp;<\/p>","protected":false},"excerpt":{"rendered":"<h2 id=\"title\" class=\"a-size-large a-spacing-none\"><span id=\"productTitle\" class=\"a-size-large product-title-word-break\">Cinta adhesiva celo transparent 19 mm x 33 m <\/span><\/h2>\n<p><span class=\"a-list-item\">Cinta adhesiva celo transparent 19 mm x 33 m d'\u00fas universal. <\/span><\/p>\n<p><span class=\"a-list-item\">Es desenrotlla f\u00e0cilment i \u00e9s d'esquin\u00e7at f\u00e0cil<\/span>.<\/p>\n<p><span class=\"a-list-item\">Adhesiu de llarga duraci\u00f3 <\/span><\/p>\n<p><span class=\"a-list-item\">Resistent a la humitat<\/span>.<\/p>\n<p><span class=\"a-list-item\">Apta per a treballs de fixaci\u00f3 dom\u00e8stics i en l'oficina,<\/span>.<\/p>\n<p><span class=\"a-list-item\">Proporciona una adhesi\u00f3 potent, duradora i instant\u00e0nea<\/span>.<\/p>\n<p><span class=\"a-list-item\">Ideal per utilitzar-se amb gran capacitat de materials distints, com paper, laminats i molt m\u00e9s <\/span><\/p>\n<p>Precio por unidad , cada celo vale 0,40 c\u00e9ntimos.<\/p>\n<p><a href=\"http:\/\/celo transparente\">http:\/\/celo transparente<\/a><\/p>\n<p><a href=\"https:\/\/preciosboom2.rwdesarrollos.es\/wp-content\/uploads\/2020\/10\/2266-2.jpg\">https:\/\/preciosboom2.rwdesarrollos.es\/wp-content\/uploads\/2020\/10\/2266-2.jpg<\/a><\/p>\n<p><a href=\"http:\/\/cinta transparente\">http:\/\/cinta transparente<\/a><\/p>","protected":false},"featured_media":12331,"comment_status":"open","ping_status":"closed","template":"","meta":{"_joinchat":[]},"product_cat":[112],"product_tag":[234],"_links":{"self":[{"href":"https:\/\/preciosboom2.rwdesarrollos.es\/ca\/wp-json\/wp\/v2\/product\/12329"}],"collection":[{"href":"https:\/\/preciosboom2.rwdesarrollos.es\/ca\/wp-json\/wp\/v2\/product"}],"about":[{"href":"https:\/\/preciosboom2.rwdesarrollos.es\/ca\/wp-json\/wp\/v2\/types\/product"}],"replies":[{"embeddable":true,"href":"https:\/\/preciosboom2.rwdesarrollos.es\/ca\/wp-json\/wp\/v2\/comments?post=12329"}],"wp:featuredmedia":[{"embeddable":true,"href":"https:\/\/preciosboom2.rwdesarrollos.es\/ca\/wp-json\/wp\/v2\/media\/12331"}],"wp:attachment":[{"href":"https:\/\/preciosboom2.rwdesarrollos.es\/ca\/wp-json\/wp\/v2\/media?parent=12329"}],"wp:term":[{"taxonomy":"product_cat","embeddable":true,"href":"https:\/\/preciosboom2.rwdesarrollos.es\/ca\/wp-json\/wp\/v2\/product_cat?post=12329"},{"taxonomy":"product_tag","embeddable":true,"href":"https:\/\/preciosboom2.rwdesarrollos.es\/ca\/wp-json\/wp\/v2\/product_tag?post=12329"}],"curies":[{"name":"wp","href":"https:\/\/api.w.org\/{rel}","templated":true}]}}