{"id":12043,"date":"2020-08-27T08:14:42","date_gmt":"2020-08-27T08:14:42","guid":{"rendered":"https:\/\/preciosboom.com\/?post_type=product&#038;p=12043"},"modified":"2024-04-13T09:20:33","modified_gmt":"2024-04-13T08:20:33","slug":"trapos-de-cocina","status":"publish","type":"product","link":"https:\/\/preciosboom2.rwdesarrollos.es\/ca\/product\/trapos-de-cocina\/","title":{"rendered":"Trapo bayeta pa\u00f1o de cocina. Trapo bayeta pa\u00f1o de cocina Microfibra 30 x 30 varios colores"},"content":{"rendered":"<h1>Trapo bayeta pa\u00f1o de cocina. Trapo bayeta pa\u00f1o de cocina Microfibra 30 x 30 varios colores<\/h1>\n<h2 id=\"title\" class=\"a-size-large a-spacing-none\"><span id=\"productTitle\" class=\"a-size-large product-title-word-break\">Bayeta de limpieza de microfibra (precio por unidad) <\/span><\/h2>\n<p>Drap de microfibra suau i no perjudicial per a cap superf\u00edcie.<\/p>\n<p><span class=\"a-list-item\">Recull la pols i la brutor de qualsevol superf\u00edcie. <\/span><\/p>\n<p><span class=\"a-list-item\">Draps multifuncionals, sense pelusses, sense ratlles, no abrasius i que funcionen amb aigua corrent, sense necessitat de productes qu\u00edmics ni tovalloles de paper. <\/span><\/p>\n<p><span class=\"a-list-item\">Rentable a m\u00e0quina - es pot rentar i reutilitzar cents de vegades , lo que li permet ahorrar doblers<\/span><\/p>\n<p>Mesura: 30 x 30 cms<\/p>\n<p>Se venden por unidad y si quiere el Pack de 10 unidades este viene de colores.<\/p>\n<p>La unidad le sale a 0.50 \u20ac<\/p>\n<p>Si quiere elegir color indiquelo en las observaciones del pedido.<\/p>","protected":false},"excerpt":{"rendered":"<h1>Trapo bayeta pa\u00f1o de cocina. Trapo bayeta pa\u00f1o de cocina Microfibra 30 x 30 varios colores<\/h1>\n<p>&nbsp;<\/p>\n<h3 id=\"title\" class=\"a-size-large a-spacing-none\"><span id=\"productTitle\" class=\"a-size-large product-title-word-break\">Baieta de neteja de microfibra (10 unitats) <\/span><\/h3>\n<p>Drap de microfibra suau i no perjudicial per a cap superf\u00edcie.<\/p>\n<p><span class=\"a-list-item\">Recull la pols i la brutor de qualsevol superf\u00edcie. <\/span><\/p>\n<p><span class=\"a-list-item\">Draps multifuncionals, sense pelusses, sense ratlles, no abrasius i que funcionen amb aigua corrent, sense necessitat de productes qu\u00edmics ni tovalloles de paper. <\/span><\/p>\n<p><span class=\"a-list-item\">Rentable a m\u00e0quina - es pot rentar i reutilitzar cents de vegades , lo que li permet ahorrar doblers<\/span><\/p>\n<p>Mesura: 30 x 30 cms<\/p>\n<p>Pack de 10 unitats , assortiment de colors. La unitat li surt a 0.50 \u20ac<\/p>\n<p><a href=\"http:\/\/Trapos de cocina\">http:\/\/Trapos de cocina<\/a><\/p>\n<p><a href=\"https:\/\/preciosboom2.rwdesarrollos.es\/wp-content\/uploads\/2020\/08\/2353-3.jpg\">https:\/\/preciosboom2.rwdesarrollos.es\/wp-content\/uploads\/2020\/08\/2353-3.jpg<\/a><\/p>","protected":false},"featured_media":12045,"comment_status":"open","ping_status":"closed","template":"","meta":{"_joinchat":[]},"product_cat":[15],"product_tag":[],"_links":{"self":[{"href":"https:\/\/preciosboom2.rwdesarrollos.es\/ca\/wp-json\/wp\/v2\/product\/12043"}],"collection":[{"href":"https:\/\/preciosboom2.rwdesarrollos.es\/ca\/wp-json\/wp\/v2\/product"}],"about":[{"href":"https:\/\/preciosboom2.rwdesarrollos.es\/ca\/wp-json\/wp\/v2\/types\/product"}],"replies":[{"embeddable":true,"href":"https:\/\/preciosboom2.rwdesarrollos.es\/ca\/wp-json\/wp\/v2\/comments?post=12043"}],"wp:featuredmedia":[{"embeddable":true,"href":"https:\/\/preciosboom2.rwdesarrollos.es\/ca\/wp-json\/wp\/v2\/media\/12045"}],"wp:attachment":[{"href":"https:\/\/preciosboom2.rwdesarrollos.es\/ca\/wp-json\/wp\/v2\/media?parent=12043"}],"wp:term":[{"taxonomy":"product_cat","embeddable":true,"href":"https:\/\/preciosboom2.rwdesarrollos.es\/ca\/wp-json\/wp\/v2\/product_cat?post=12043"},{"taxonomy":"product_tag","embeddable":true,"href":"https:\/\/preciosboom2.rwdesarrollos.es\/ca\/wp-json\/wp\/v2\/product_tag?post=12043"}],"curies":[{"name":"wp","href":"https:\/\/api.w.org\/{rel}","templated":true}]}}