{"id":12037,"date":"2020-08-27T08:03:27","date_gmt":"2020-08-27T08:03:27","guid":{"rendered":"https:\/\/preciosboom.com\/?post_type=product&#038;p=12037"},"modified":"2024-06-18T12:42:54","modified_gmt":"2024-06-18T11:42:54","slug":"bascula-cocina","status":"publish","type":"product","link":"https:\/\/preciosboom2.rwdesarrollos.es\/ca\/product\/bascula-cocina\/","title":{"rendered":"B\u00e1scula Cocina Digital con bol Acero Inoxidable. 1 unidad"},"content":{"rendered":"<h1>B\u00e1scula Cocina<\/h1>\n<h2 id=\"title\" class=\"a-size-large a-spacing-none\"><span id=\"productTitle\" class=\"a-size-large product-title-word-break\">B\u00e0scula Digital per a Cuina amb Bol Removible, 5 kg \/ 11 lbs, Balan\u00e7a de Cuina d'Acer Inoxidable, Temporitzador i Sensor de Temperatura, Pantalla LCD <\/span><\/h2>\n<p>B\u00e0scula digital amb bol removible .<\/p>\n<p><span class=\"a-list-item\">Medici\u00f3 Precisa: Els sensors d'alta precisi\u00f3 ofereixen resultats fiables cada vegada; 5 kg\/ 11 lbs; Divisi\u00f3: 0,1 oz\/1g; El bol removible d'acer inoxidable de grau alimentari 2,15 L ofereix m\u00faltiples usos de cuina.<\/span><\/p>\n<p><span class=\"a-list-item\">Disseny Elegant i Materials Resistents: La carcassa i el bol d'acer inoxidable (compatible amb rentaplats) asseguren una vida \u00fatil m\u00e9s llarga; Un disseny elegant i modern queda b\u00e9 a la cuina.<\/span>.<\/p>\n<p>Capacitat m\u00e0xima 5 kg.<\/p>\n<p>Inclou sensor de temperatura i alarma a la fi de realitzar m\u00e9s tasques de manera m\u00e9s \u00e0gil.<\/p>\n<p>Usa 2 pilas AAA,  incloses.<\/p>\n<p>&nbsp;<\/p>","protected":false},"excerpt":{"rendered":"<h2>B\u00e1scula Cocina<\/h2>\n<h2 id=\"title\" class=\"a-size-large a-spacing-none\"><span id=\"productTitle\" class=\"a-size-large product-title-word-break\">B\u00e0scula Digital per a Cuina amb Bol Removible, 5 kg \/ 11 lbs, Balan\u00e7a de Cuina d'Acer Inoxidable, Temporitzador i Sensor de Temperatura, Pantalla LCD <\/span><\/h2>\n<p>B\u00e0scula digital amb bol removible .<\/p>\n<p><span class=\"a-list-item\">Medici\u00f3 Precisa: Els sensors d'alta precisi\u00f3 ofereixen resultats fiables cada vegada; 5 kg\/ 11 lbs; Divisi\u00f3: 0,1 oz\/1g; El bol removible d'acer inoxidable de grau alimentari 2,15 L ofereix m\u00faltiples usos de cuina.<\/span><\/p>\n<p><span class=\"a-list-item\">Disseny Elegant i Materials Resistents: La carcassa i el bol d'acer inoxidable (compatible amb rentaplats) asseguren una vida \u00fatil m\u00e9s llarga; Un disseny elegant i modern queda b\u00e9 a la cuina.<\/span>.<\/p>\n<p>Capacitat m\u00e0xima 5 kg.<\/p>\n<p>Inclou sensor de temperatura i alarma a la fi de realitzar m\u00e9s tasques de manera m\u00e9s \u00e0gil.<\/p>\n<p>Usa 2 pilas AAA,  incloses.<\/p>\n<p><a href=\"http:\/\/B\u00e1scula Cocina\">http:\/\/B\u00e1scula Cocina<\/a><\/p>\n<p><a href=\"https:\/\/preciosboom2.rwdesarrollos.es\/wp-content\/uploads\/2020\/08\/2351.png\">https:\/\/preciosboom2.rwdesarrollos.es\/wp-content\/uploads\/2020\/08\/2351.png<\/a><\/p>","protected":false},"featured_media":13095,"comment_status":"open","ping_status":"closed","template":"","meta":{"_joinchat":[]},"product_cat":[15],"product_tag":[],"_links":{"self":[{"href":"https:\/\/preciosboom2.rwdesarrollos.es\/ca\/wp-json\/wp\/v2\/product\/12037"}],"collection":[{"href":"https:\/\/preciosboom2.rwdesarrollos.es\/ca\/wp-json\/wp\/v2\/product"}],"about":[{"href":"https:\/\/preciosboom2.rwdesarrollos.es\/ca\/wp-json\/wp\/v2\/types\/product"}],"replies":[{"embeddable":true,"href":"https:\/\/preciosboom2.rwdesarrollos.es\/ca\/wp-json\/wp\/v2\/comments?post=12037"}],"wp:featuredmedia":[{"embeddable":true,"href":"https:\/\/preciosboom2.rwdesarrollos.es\/ca\/wp-json\/wp\/v2\/media\/13095"}],"wp:attachment":[{"href":"https:\/\/preciosboom2.rwdesarrollos.es\/ca\/wp-json\/wp\/v2\/media?parent=12037"}],"wp:term":[{"taxonomy":"product_cat","embeddable":true,"href":"https:\/\/preciosboom2.rwdesarrollos.es\/ca\/wp-json\/wp\/v2\/product_cat?post=12037"},{"taxonomy":"product_tag","embeddable":true,"href":"https:\/\/preciosboom2.rwdesarrollos.es\/ca\/wp-json\/wp\/v2\/product_tag?post=12037"}],"curies":[{"name":"wp","href":"https:\/\/api.w.org\/{rel}","templated":true}]}}