{"id":12031,"date":"2020-08-27T07:40:18","date_gmt":"2020-08-27T07:40:18","guid":{"rendered":"https:\/\/preciosboom.com\/?post_type=product&#038;p=12031"},"modified":"2024-02-01T10:44:03","modified_gmt":"2024-02-01T09:44:03","slug":"tapas-silicona","status":"publish","type":"product","link":"https:\/\/preciosboom2.rwdesarrollos.es\/ca\/product\/tapas-silicona\/","title":{"rendered":"Tapes Silicona ajustables el\u00e0stiques 6 tamanys"},"content":{"rendered":"<h1 id=\"title\" class=\"a-size-large a-spacing-none\"><span id=\"productTitle\" class=\"a-size-large product-title-word-break\">Tapas Silicona ajustables cocina, tapas de silicona el\u00e1sticas, tapas de silicona reutilizables ecol\u00f3gicas, tapaderas de silicona adaptables. <\/span><\/h1>\n<p>F\u00e0cil d'usar i reutilitzable. Les tapes de silicona son flexibles i compatibles amb molts de recipients , van b\u00e9 per a pots , t\u00e0pers i similars , de diverses formes com circulars , quadrats o rectangulars , ja que s'ajusten al ser el\u00e0stiques i s'adapten.<\/p>\n<p>Tamb\u00e9 protegeix la fruita com melons i s\u00edndries.<\/p>\n<p>Son reutilitzables , ecol\u00f2giques .<\/p>\n<p><span class=\"a-list-item\">Les tapes el\u00e0stiques son aptes per a rentaplats, rentables, reutilitzables i no es deformaran ni es filtraran. Resistent a l'abrasi\u00f3, resistent a la rotura i no t\u00f2xic, durader i resistent a l'abrasi\u00f3. <\/span><\/p>\n<p><span class=\"a-list-item\">Est\u00e0 fet de silicona d'alta qualitat i amigable amb el medi ambient, pot usarse una vegada i un altre. Poden reempla\u00e7ar totalment el paper d'alumini, l'envoltura de pl\u00e0stic. La tapa de silicona pot ser resistent a altes i baixes temperatures.<\/span><\/p>\n<p>En el pack venen 6 tamanys assortits : 6.5 cm, 9.5 cm, 10.5 cm, 14.5 cm, 16.5 cm, 20.5cm;<\/p>\n<p>&nbsp;<\/p>\n<p>&nbsp;<\/p>\n<p>&nbsp;<\/p>","protected":false},"excerpt":{"rendered":"<h2 id=\"title\" class=\"a-size-large a-spacing-none\"><span id=\"productTitle\" class=\"a-size-large product-title-word-break\">Tapas Silicona ajustables cocina, tapas de silicona el\u00e1sticas, tapas de silicona reutilizables ecol\u00f3gicas, tapaderas de silicona adaptables. <\/span><\/h2>\n<p>F\u00e0cil d'usar i reutilitzable. Les tapes de silicona son flexibles i compatibles amb molts de recipients , van b\u00e9 per a pots , t\u00e0pers i similars , de diverses formes com circulars , quadrats o rectangulars , ja que s'ajusten al ser el\u00e0stiques i s'adapten.<\/p>\n<p>Tamb\u00e9 protegeix la fruita com melons i s\u00edndries.<\/p>\n<p>Son reutilitzables , ecol\u00f2giques .<\/p>\n<p><span class=\"a-list-item\">Les tapes el\u00e0stiques son aptes per a rentaplats, rentables, reutilitzables i no es deformaran ni es filtraran. Resistent a l'abrasi\u00f3, resistent a la rotura i no t\u00f2xic, durader i resistent a l'abrasi\u00f3. <\/span><\/p>\n<p><span class=\"a-list-item\">Est\u00e0 fet de silicona d'alta qualitat i amigable amb el medi ambient, pot usarse una vegada i un altre. Poden reempla\u00e7ar totalment el paper d'alumini, l'envoltura de pl\u00e0stic. La tapa de silicona pot ser resistent a altes i baixes temperatures.<\/span><\/p>\n<p>En el pack venen 6 tamanys assortits : 6.5 cm, 9.5 cm, 10.5 cm, 14.5 cm, 16.5 cm, 20.5cm;<\/p>\n<p><a href=\"http:\/\/Tapas Silicona\">http:\/\/Tapas Silicona<\/a><\/p>\n<p><a href=\"https:\/\/preciosboom2.rwdesarrollos.es\/wp-content\/uploads\/2020\/08\/2350-3.jpg\">https:\/\/preciosboom2.rwdesarrollos.es\/wp-content\/uploads\/2020\/08\/2350-3.jpg<\/a><\/p>","protected":false},"featured_media":12034,"comment_status":"open","ping_status":"closed","template":"","meta":{"_joinchat":[]},"product_cat":[15],"product_tag":[],"_links":{"self":[{"href":"https:\/\/preciosboom2.rwdesarrollos.es\/ca\/wp-json\/wp\/v2\/product\/12031"}],"collection":[{"href":"https:\/\/preciosboom2.rwdesarrollos.es\/ca\/wp-json\/wp\/v2\/product"}],"about":[{"href":"https:\/\/preciosboom2.rwdesarrollos.es\/ca\/wp-json\/wp\/v2\/types\/product"}],"replies":[{"embeddable":true,"href":"https:\/\/preciosboom2.rwdesarrollos.es\/ca\/wp-json\/wp\/v2\/comments?post=12031"}],"wp:featuredmedia":[{"embeddable":true,"href":"https:\/\/preciosboom2.rwdesarrollos.es\/ca\/wp-json\/wp\/v2\/media\/12034"}],"wp:attachment":[{"href":"https:\/\/preciosboom2.rwdesarrollos.es\/ca\/wp-json\/wp\/v2\/media?parent=12031"}],"wp:term":[{"taxonomy":"product_cat","embeddable":true,"href":"https:\/\/preciosboom2.rwdesarrollos.es\/ca\/wp-json\/wp\/v2\/product_cat?post=12031"},{"taxonomy":"product_tag","embeddable":true,"href":"https:\/\/preciosboom2.rwdesarrollos.es\/ca\/wp-json\/wp\/v2\/product_tag?post=12031"}],"curies":[{"name":"wp","href":"https:\/\/api.w.org\/{rel}","templated":true}]}}