{"id":12000,"date":"2020-08-27T06:21:23","date_gmt":"2020-08-27T06:21:23","guid":{"rendered":"https:\/\/preciosboom.com\/?post_type=product&#038;p=12000"},"modified":"2024-05-05T13:23:11","modified_gmt":"2024-05-05T12:23:11","slug":"calcetines-yoga","status":"publish","type":"product","link":"https:\/\/preciosboom2.rwdesarrollos.es\/ca\/product\/calcetines-yoga\/","title":{"rendered":"Calcetins ioga \/ pilates antilliscants. Talla 36 a 40 diversos colors"},"content":{"rendered":"<h1>Calcetins ioga \/ pilates antilliscants. Talla 36 a 40 diversos colors<\/h1>\n<h2 id=\"title\" class=\"a-size-large a-spacing-none\"><span id=\"productTitle\" class=\"a-size-large product-title-word-break\">Pilates Calcetines Antideslizantes Mujer, Deportivos para Ejercicio Interior, Yoga, Pilates, Ballet, Fitness Antideslizantes<\/span><\/h2>\n<p><span class=\"a-list-item\">Com un parell de sabates lleugeres<\/span> , has de provar-les !!<\/p>\n<p>Fabricados con algod\u00f3n y poli\u00e9ster. Lavable a m\u00e1quina.<\/p>\n<p>Sola antilliscant. Amb tires superiors que no deixen lliscar el calcet\u00ed.<\/p>\n<p>Talla \u00fanica, 36 a 40 EU.<\/p>\n<p>Colors, Negre, gris, f\u00facsia, blau.<\/p>\n<p><span class=\"a-list-item\">Els calcetins de ioga antilliscants amb punts antilliscants de silicona poden millorar l'equilibri i l'estabilitat, i poden ajudar-lo a utilitzar millor els matalassos de ioga i les pilotes de ioga en les classes de ioga o Pilates. <\/span><\/p>\n<p><span class=\"a-list-item\">Calcetines yoga antideslizantes Hecho de algod\u00f3n peinado de alta calidad y agarre 100% de silicona en la parte inferior para un rendimiento perfecto de accesorios deportivos, hacer ejercicio puede ser muy buen tal\u00f3n de ajuste, no es f\u00e1cil caerse. <\/span><\/p>\n<p><span class=\"a-list-item\">Ioga, Pilates, dansa, arts marcials o qualsevol altre calcet\u00ed d'activitat descal\u00e7, ja sigui que es tracti d'una classe de ball o una classe de ioga, pot sentir l'adher\u00e8ncia i el lliscament de silicona durant la pr\u00e0ctica. O simplement camini sobre el pis de parquet de ca seva, el nostre fons engrossat tamb\u00e9 pot fer-lo sentir c\u00e0lid i antilliscant. Talla \u00fanica ideal per a la majoria de dones i adolescents.<br \/>\n<\/span><\/p>\n<p>&nbsp;<\/p>\n<p>&nbsp;<\/p>","protected":false},"excerpt":{"rendered":"<h2>Calcetins ioga \/ pilates antilliscants. Talla 36 a 40 diversos colors<\/h2>\n<h3 id=\"title\" class=\"a-size-large a-spacing-none\"><span id=\"productTitle\" class=\"a-size-large product-title-word-break\">Pilates Calcetines Antideslizantes Mujer, Deportivos para Ejercicio Interior, Yoga, Pilates, Ballet, Fitness Antideslizantes<\/span><\/h3>\n<p><span class=\"a-list-item\">Com un parell de sabates lleugeres<\/span> , has de provar-les !!<\/p>\n<p>Fabricados con algod\u00f3n y poli\u00e9ster. Lavable a m\u00e1quina.<\/p>\n<p>Sola antilliscant. Amb tires superiors que no deixen lliscar el calcet\u00ed.<\/p>\n<p>Talla \u00fanica, 36 a 40 EU.<\/p>\n<p>Colors, Negre, gris, f\u00facsia, blau.<\/p>\n<p><span class=\"a-list-item\">Els calcetins de ioga antilliscants amb punts antilliscants de silicona poden millorar l'equilibri i l'estabilitat, i poden ajudar-lo a utilitzar millor els matalassos de ioga i les pilotes de ioga en les classes de ioga o Pilates. <\/span><\/p>\n<p><span class=\"a-list-item\">Calcetines yoga antideslizantes Hecho de algod\u00f3n peinado de alta calidad y agarre 100% de silicona en la parte inferior para un rendimiento perfecto de accesorios deportivos, hacer ejercicio puede ser muy buen tal\u00f3n de ajuste, no es f\u00e1cil caerse. <\/span><\/p>\n<p><span class=\"a-list-item\">Ioga, Pilates, dansa, arts marcials o qualsevol altre calcet\u00ed d'activitat descal\u00e7, ja sigui que es tracti d'una classe de ball o una classe de ioga, pot sentir l'adher\u00e8ncia i el lliscament de silicona durant la pr\u00e0ctica. O simplement camini sobre el pis de parquet de ca seva, el nostre fons engrossat tamb\u00e9 pot fer-lo sentir c\u00e0lid i antilliscant. Talla \u00fanica ideal per a la majoria de dones i adolescents.<br \/>\n<\/span><\/p>\n<p><a href=\"http:\/\/Calcetines yoga\">http:\/\/Calcetines yoga<\/a><\/p>\n<p><a href=\"https:\/\/preciosboom2.rwdesarrollos.es\/wp-content\/uploads\/2020\/08\/9254-4.jpg\">https:\/\/preciosboom2.rwdesarrollos.es\/wp-content\/uploads\/2020\/08\/9254-4.jpg<\/a><\/p>\n<p>&nbsp;<\/p>","protected":false},"featured_media":12007,"comment_status":"open","ping_status":"closed","template":"","meta":{"_joinchat":[]},"product_cat":[110],"product_tag":[],"_links":{"self":[{"href":"https:\/\/preciosboom2.rwdesarrollos.es\/ca\/wp-json\/wp\/v2\/product\/12000"}],"collection":[{"href":"https:\/\/preciosboom2.rwdesarrollos.es\/ca\/wp-json\/wp\/v2\/product"}],"about":[{"href":"https:\/\/preciosboom2.rwdesarrollos.es\/ca\/wp-json\/wp\/v2\/types\/product"}],"replies":[{"embeddable":true,"href":"https:\/\/preciosboom2.rwdesarrollos.es\/ca\/wp-json\/wp\/v2\/comments?post=12000"}],"wp:featuredmedia":[{"embeddable":true,"href":"https:\/\/preciosboom2.rwdesarrollos.es\/ca\/wp-json\/wp\/v2\/media\/12007"}],"wp:attachment":[{"href":"https:\/\/preciosboom2.rwdesarrollos.es\/ca\/wp-json\/wp\/v2\/media?parent=12000"}],"wp:term":[{"taxonomy":"product_cat","embeddable":true,"href":"https:\/\/preciosboom2.rwdesarrollos.es\/ca\/wp-json\/wp\/v2\/product_cat?post=12000"},{"taxonomy":"product_tag","embeddable":true,"href":"https:\/\/preciosboom2.rwdesarrollos.es\/ca\/wp-json\/wp\/v2\/product_tag?post=12000"}],"curies":[{"name":"wp","href":"https:\/\/api.w.org\/{rel}","templated":true}]}}