{"id":11941,"date":"2020-08-26T08:21:20","date_gmt":"2020-08-26T08:21:20","guid":{"rendered":"https:\/\/preciosboom.com\/?post_type=product&#038;p=11941"},"modified":"2024-04-13T09:36:50","modified_gmt":"2024-04-13T08:36:50","slug":"cuaderno-reutilizable-negro-a4","status":"publish","type":"product","link":"https:\/\/preciosboom2.rwdesarrollos.es\/ca\/product\/cuaderno-reutilizable-negro-a4\/","title":{"rendered":"Quadern Reutilitzable Negre A4"},"content":{"rendered":"<h2 id=\"title\" class=\"a-size-large a-spacing-none\"><span id=\"productTitle\" class=\"a-size-large product-title-word-break\">Quadern Intel\u00b7ligent Reutilitzable | Tamany A4 | Fulles borrables i adaptades per escaneig a PDF | Inclou Boli i drap per a borrar. <\/span><\/h2>\n<p>Quadern de notes reutilitzable. S'utilitza amb bol\u00edgrafs borrables NEWYES o els Pilot Frixion 0.7 mm.<\/p>\n<p>Pots borrar utilitzant draps humits (no utilitzar l\u00edquids amb soluci\u00f3 alcoh\u00f2lica). O borrar amb calor, utilitzant un assecador.<\/p>\n<p>Escanejat del quadern. Les imatges es retallaran de forma autom\u00e0tica pel marge despr\u00e9s de l'escaneig. Es poden incloure nombrosos efectes que poden aplicar-se despr\u00e9s de retallar.<\/p>\n<p>Els documents es poden guardar en format PDF\/JPG\/TXT. Es poden emmagatzemar, organitzar, compartir... Tamb\u00e9 podem crear carpetes per a la seva administraci\u00f3 i fer recerques r\u00e0pides per t\u00edtol del document.<\/p>","protected":false},"excerpt":{"rendered":"<h2 id=\"title\" class=\"a-size-large a-spacing-none\"><span id=\"productTitle\" class=\"a-size-large product-title-word-break\">Quadern Intel\u00b7ligent Reutilitzable | Tamany A4 | Fulles borrables i adaptades per escaneig a PDF | Inclou Boli i drap per a borrar. <\/span><\/h2>\n<p>Quadern de notes reutilitzable. S'utilitza amb bol\u00edgrafs borrables NEWYES o els Pilot Frixion 0.7 mm.<\/p>\n<p>Pots borrar utilitzant draps humits (no utilitzar l\u00edquids amb soluci\u00f3 alcoh\u00f2lica). O borrar amb calor, utilitzant un assecador.<\/p>","protected":false},"featured_media":13476,"comment_status":"open","ping_status":"closed","template":"","meta":{"_joinchat":[]},"product_cat":[108],"product_tag":[],"_links":{"self":[{"href":"https:\/\/preciosboom2.rwdesarrollos.es\/ca\/wp-json\/wp\/v2\/product\/11941"}],"collection":[{"href":"https:\/\/preciosboom2.rwdesarrollos.es\/ca\/wp-json\/wp\/v2\/product"}],"about":[{"href":"https:\/\/preciosboom2.rwdesarrollos.es\/ca\/wp-json\/wp\/v2\/types\/product"}],"replies":[{"embeddable":true,"href":"https:\/\/preciosboom2.rwdesarrollos.es\/ca\/wp-json\/wp\/v2\/comments?post=11941"}],"wp:featuredmedia":[{"embeddable":true,"href":"https:\/\/preciosboom2.rwdesarrollos.es\/ca\/wp-json\/wp\/v2\/media\/13476"}],"wp:attachment":[{"href":"https:\/\/preciosboom2.rwdesarrollos.es\/ca\/wp-json\/wp\/v2\/media?parent=11941"}],"wp:term":[{"taxonomy":"product_cat","embeddable":true,"href":"https:\/\/preciosboom2.rwdesarrollos.es\/ca\/wp-json\/wp\/v2\/product_cat?post=11941"},{"taxonomy":"product_tag","embeddable":true,"href":"https:\/\/preciosboom2.rwdesarrollos.es\/ca\/wp-json\/wp\/v2\/product_tag?post=11941"}],"curies":[{"name":"wp","href":"https:\/\/api.w.org\/{rel}","templated":true}]}}