{"id":11850,"date":"2020-08-18T08:06:32","date_gmt":"2020-08-18T08:06:32","guid":{"rendered":"https:\/\/preciosboom.com\/?post_type=product&#038;p=11850"},"modified":"2023-10-27T12:07:56","modified_gmt":"2023-10-27T11:07:56","slug":"lapiz-no2hb-de-madera","status":"publish","type":"product","link":"https:\/\/preciosboom2.rwdesarrollos.es\/ca\/product\/lapiz-no2hb-de-madera\/","title":{"rendered":"L\u00e1piz 2HB de madera con goma de borrar. 1 unidad"},"content":{"rendered":"<h1 id=\"title\" class=\"a-size-large a-spacing-none\"><span id=\"productTitle\" class=\"a-size-large product-title-word-break\">L\u00e1piz n.\u00ba 2 HB de madera, afilados, Pack de 12 con goma <\/span><\/h1>\n<p>Bl\u00edster de 12 llapis n\u00ba 2 HB de fusta. T\u00e9 una mina resistent mitjana-suau que genera un tra\u00e7 de f\u00e0cil lectura y llarga duraci\u00f3.<\/p>\n<p>El llapis t\u00e9 una forma hexagonal arrodonida per a una adher\u00e8ncia segura i c\u00f2moda.<\/p>\n<p>T\u00e9 una goma de borrar fixada a l'extrem.<\/p>\n<p>La unidad le sale a 0,05 c\u00e9ntimos , cada l\u00e1piz .<\/p>\n<p>&nbsp;<\/p>","protected":false},"excerpt":{"rendered":"<h2 id=\"title\" class=\"a-size-large a-spacing-none\"><span id=\"productTitle\" class=\"a-size-large product-title-word-break\">L\u00e1piz n.\u00ba 2 HB de madera, afilados, Pack de 12 con goma <\/span><\/h2>\n<p>Bl\u00edster de 12 llapis n\u00ba 2 HB de fusta. T\u00e9 una mina resistent mitjana-suau que genera un tra\u00e7 de f\u00e0cil lectura y llarga duraci\u00f3.<\/p>\n<p>El llapis t\u00e9 una forma hexagonal arrodonida per a una adher\u00e8ncia segura i c\u00f2moda.<\/p>\n<p>T\u00e9 una goma de borrar fixada a l'extrem.<\/p>\n<p>La unidad le sale a 0,05 c\u00e9ntimos , cada l\u00e1piz .<\/p>\n<p><a href=\"http:\/\/L\u00e1piz\">http:\/\/L\u00e1piz<\/a><\/p>\n<p><a href=\"https:\/\/preciosboom2.rwdesarrollos.es\/wp-content\/uploads\/2020\/08\/2256-2.jpg\">https:\/\/preciosboom2.rwdesarrollos.es\/wp-content\/uploads\/2020\/08\/2256-2.jpg<\/a><\/p>","protected":false},"featured_media":11851,"comment_status":"open","ping_status":"closed","template":"","meta":{"_joinchat":[]},"product_cat":[112],"product_tag":[],"_links":{"self":[{"href":"https:\/\/preciosboom2.rwdesarrollos.es\/ca\/wp-json\/wp\/v2\/product\/11850"}],"collection":[{"href":"https:\/\/preciosboom2.rwdesarrollos.es\/ca\/wp-json\/wp\/v2\/product"}],"about":[{"href":"https:\/\/preciosboom2.rwdesarrollos.es\/ca\/wp-json\/wp\/v2\/types\/product"}],"replies":[{"embeddable":true,"href":"https:\/\/preciosboom2.rwdesarrollos.es\/ca\/wp-json\/wp\/v2\/comments?post=11850"}],"wp:featuredmedia":[{"embeddable":true,"href":"https:\/\/preciosboom2.rwdesarrollos.es\/ca\/wp-json\/wp\/v2\/media\/11851"}],"wp:attachment":[{"href":"https:\/\/preciosboom2.rwdesarrollos.es\/ca\/wp-json\/wp\/v2\/media?parent=11850"}],"wp:term":[{"taxonomy":"product_cat","embeddable":true,"href":"https:\/\/preciosboom2.rwdesarrollos.es\/ca\/wp-json\/wp\/v2\/product_cat?post=11850"},{"taxonomy":"product_tag","embeddable":true,"href":"https:\/\/preciosboom2.rwdesarrollos.es\/ca\/wp-json\/wp\/v2\/product_tag?post=11850"}],"curies":[{"name":"wp","href":"https:\/\/api.w.org\/{rel}","templated":true}]}}