{"id":10938,"date":"2020-07-31T06:26:30","date_gmt":"2020-07-31T06:26:30","guid":{"rendered":"http:\/\/preciosboom.com\/?post_type=product&#038;p=10938"},"modified":"2023-01-17T10:12:26","modified_gmt":"2023-01-17T09:12:26","slug":"pendrive-32gb-llavero","status":"publish","type":"product","link":"https:\/\/preciosboom2.rwdesarrollos.es\/ca\/product\/pendrive-32gb-llavero\/","title":{"rendered":"Pendrive 32GB Clauer"},"content":{"rendered":"<h1 id=\"title\" class=\"a-size-large a-spacing-none\"><span id=\"productTitle\" class=\"a-size-large product-title-word-break\">Mem\u00f2ries USB 32GB, Mini Pendrive 32GB USB Unitat Flash Mem\u00f2ria Stick 32 GB Penjant per a Emmagatzament de Dades Extern <\/span><\/h1>\n<p>&nbsp;<\/p>\n<ul>\n<li><span class=\"a-list-item\"> Interf\u00edcie: USB 3.0 Compatible amb versions anteriors amb USB. <\/span><\/li>\n<li><span class=\"a-list-item\"> Fins a 32 GB de capacitat poden satisfer les seves necessitats d'emmagatzament di\u00e0ries. Per exemple, fotos, v\u00eddeos, \u00e0udios, m\u00fasica, etc. <\/span><\/li>\n<li><span class=\"a-list-item\"> Aquest clauer d'unitat flash \u00e9s f\u00e0cil de dur i d'usar cada dia. Pot acoblar el llapis USB al seu clauer en qualsevol moment i lloc. <\/span><\/li>\n<li><span class=\"a-list-item\"> Memoria USB compatible amb tots els sistemes operatius habituals com Windows 7\/8\/10\/2000\/XP\/Vista\/ME\/NT, Linux i Mac OS. <\/span><\/li>\n<li><span class=\"a-list-item\"> La unitat flash USB \u00e9s una eina pr\u00e0ctica per a presentacions, seminaris, investigaci\u00f3 i treball en l'oficina, estudi o a casa. <\/span><\/li>\n<li>Mesures i pes: 8.13 x 7.37 x 1 cm; 20 grams<\/li>\n<li>Color plata .<\/li>\n<\/ul>\n<p>&nbsp;<\/p>","protected":false},"excerpt":{"rendered":"<p>Memorias USB 32GB, Mini Pendrive 32GB USB Unidad Flash Memoria Stick 32 GB Colgante<\/p>","protected":false},"featured_media":11493,"comment_status":"open","ping_status":"closed","template":"","meta":{"_joinchat":[]},"product_cat":[108],"product_tag":[],"_links":{"self":[{"href":"https:\/\/preciosboom2.rwdesarrollos.es\/ca\/wp-json\/wp\/v2\/product\/10938"}],"collection":[{"href":"https:\/\/preciosboom2.rwdesarrollos.es\/ca\/wp-json\/wp\/v2\/product"}],"about":[{"href":"https:\/\/preciosboom2.rwdesarrollos.es\/ca\/wp-json\/wp\/v2\/types\/product"}],"replies":[{"embeddable":true,"href":"https:\/\/preciosboom2.rwdesarrollos.es\/ca\/wp-json\/wp\/v2\/comments?post=10938"}],"wp:featuredmedia":[{"embeddable":true,"href":"https:\/\/preciosboom2.rwdesarrollos.es\/ca\/wp-json\/wp\/v2\/media\/11493"}],"wp:attachment":[{"href":"https:\/\/preciosboom2.rwdesarrollos.es\/ca\/wp-json\/wp\/v2\/media?parent=10938"}],"wp:term":[{"taxonomy":"product_cat","embeddable":true,"href":"https:\/\/preciosboom2.rwdesarrollos.es\/ca\/wp-json\/wp\/v2\/product_cat?post=10938"},{"taxonomy":"product_tag","embeddable":true,"href":"https:\/\/preciosboom2.rwdesarrollos.es\/ca\/wp-json\/wp\/v2\/product_tag?post=10938"}],"curies":[{"name":"wp","href":"https:\/\/api.w.org\/{rel}","templated":true}]}}