{"id":10918,"date":"2020-07-31T05:53:39","date_gmt":"2020-07-31T05:53:39","guid":{"rendered":"http:\/\/preciosboom.com\/?post_type=product&#038;p=10918"},"modified":"2024-04-20T08:52:55","modified_gmt":"2024-04-20T07:52:55","slug":"muneca-bebe-sonidos","status":"publish","type":"product","link":"https:\/\/preciosboom2.rwdesarrollos.es\/ca\/product\/muneca-bebe-sonidos\/","title":{"rendered":"Nina beb\u00e8 sons"},"content":{"rendered":"<p>Nina beb\u00e8 sons<\/p>\n<p>Mu\u00f1eca bebe sonidos con chupete .<\/p>\n<p>Mueve los brazos y hace 6 sonidos como Papa,Mama&#8230;&#8230;..<\/p>\n<p>Molt bona olor ja que \u00e9s perfumada.<\/p>\n<p>Ideal per a totes les nines , tamany perfecte per dur en bra\u00e7os o posar en les t\u00edpiques bressoles o carrets de beb\u00e8 , la pot dur a qualsevol lloc.<\/p>\n<p>Compleix amb totes les normatives i certificats CE.<\/p>","protected":false},"excerpt":{"rendered":"<p>Nina beb\u00e8 sons<\/p>","protected":false},"featured_media":11477,"comment_status":"open","ping_status":"closed","template":"","meta":{"_joinchat":[]},"product_cat":[232],"product_tag":[],"_links":{"self":[{"href":"https:\/\/preciosboom2.rwdesarrollos.es\/ca\/wp-json\/wp\/v2\/product\/10918"}],"collection":[{"href":"https:\/\/preciosboom2.rwdesarrollos.es\/ca\/wp-json\/wp\/v2\/product"}],"about":[{"href":"https:\/\/preciosboom2.rwdesarrollos.es\/ca\/wp-json\/wp\/v2\/types\/product"}],"replies":[{"embeddable":true,"href":"https:\/\/preciosboom2.rwdesarrollos.es\/ca\/wp-json\/wp\/v2\/comments?post=10918"}],"wp:featuredmedia":[{"embeddable":true,"href":"https:\/\/preciosboom2.rwdesarrollos.es\/ca\/wp-json\/wp\/v2\/media\/11477"}],"wp:attachment":[{"href":"https:\/\/preciosboom2.rwdesarrollos.es\/ca\/wp-json\/wp\/v2\/media?parent=10918"}],"wp:term":[{"taxonomy":"product_cat","embeddable":true,"href":"https:\/\/preciosboom2.rwdesarrollos.es\/ca\/wp-json\/wp\/v2\/product_cat?post=10918"},{"taxonomy":"product_tag","embeddable":true,"href":"https:\/\/preciosboom2.rwdesarrollos.es\/ca\/wp-json\/wp\/v2\/product_tag?post=10918"}],"curies":[{"name":"wp","href":"https:\/\/api.w.org\/{rel}","templated":true}]}}