{"id":10460,"date":"2020-07-24T08:34:43","date_gmt":"2020-07-24T07:34:43","guid":{"rendered":"http:\/\/preciosboom.com\/?post_type=product&#038;p=10460"},"modified":"2024-06-23T11:49:39","modified_gmt":"2024-06-23T10:49:39","slug":"balon-volley-22-cms","status":"publish","type":"product","link":"https:\/\/preciosboom2.rwdesarrollos.es\/ca\/product\/balon-volley-22-cms\/","title":{"rendered":"Bal\u00f3n pelota Volley Voleibol playa 22 cms de pl\u00e1stico hinchable"},"content":{"rendered":"<p>Bal\u00f3n pelota Volley Voleibol playa 22 cms de pl\u00e1stico hinchable<\/p>\n<p>Balon de plastico , multicolor .<\/p>\n<p>Ideal para la playa , piscina .<\/p>\n<p>Se entrega desinchado y dentro de una red.<\/p>\n<p>Ball beach Volley.<\/p>","protected":false},"excerpt":{"rendered":"<p>Bal\u00f3n pelota Volley Voleibol playa 22 cms de pl\u00e1stico hinchable<\/p>","protected":false},"featured_media":11472,"comment_status":"open","ping_status":"closed","template":"","meta":{"_joinchat":[]},"product_cat":[213,113],"product_tag":[],"_links":{"self":[{"href":"https:\/\/preciosboom2.rwdesarrollos.es\/ca\/wp-json\/wp\/v2\/product\/10460"}],"collection":[{"href":"https:\/\/preciosboom2.rwdesarrollos.es\/ca\/wp-json\/wp\/v2\/product"}],"about":[{"href":"https:\/\/preciosboom2.rwdesarrollos.es\/ca\/wp-json\/wp\/v2\/types\/product"}],"replies":[{"embeddable":true,"href":"https:\/\/preciosboom2.rwdesarrollos.es\/ca\/wp-json\/wp\/v2\/comments?post=10460"}],"wp:featuredmedia":[{"embeddable":true,"href":"https:\/\/preciosboom2.rwdesarrollos.es\/ca\/wp-json\/wp\/v2\/media\/11472"}],"wp:attachment":[{"href":"https:\/\/preciosboom2.rwdesarrollos.es\/ca\/wp-json\/wp\/v2\/media?parent=10460"}],"wp:term":[{"taxonomy":"product_cat","embeddable":true,"href":"https:\/\/preciosboom2.rwdesarrollos.es\/ca\/wp-json\/wp\/v2\/product_cat?post=10460"},{"taxonomy":"product_tag","embeddable":true,"href":"https:\/\/preciosboom2.rwdesarrollos.es\/ca\/wp-json\/wp\/v2\/product_tag?post=10460"}],"curies":[{"name":"wp","href":"https:\/\/api.w.org\/{rel}","templated":true}]}}