{"id":15417,"date":"2023-04-12T11:45:47","date_gmt":"2023-04-12T10:45:47","guid":{"rendered":"https:\/\/preciosboom.com\/?page_id=15417"},"modified":"2023-04-12T11:45:50","modified_gmt":"2023-04-12T10:45:50","slug":"declaracion-de-accesibilidad","status":"publish","type":"page","link":"https:\/\/preciosboom2.rwdesarrollos.es\/ca\/declaracion-de-accesibilidad\/","title":{"rendered":"Declaraci\u00f3n de accesibilidad"},"content":{"rendered":"<p>El organismo Precios Boom (LLUIS ABADIA SL) se ha comprometido a hacer accesible <a href=\"https:\/\/preciosboom2.rwdesarrollos.es\/ca\/\">https:\/\/preciosboom2.rwdesarrollos.es\/<\/a>, de conformidad con el\u00a0<a href=\"https:\/\/www.boe.es\/buscar\/act.php?id=BOE-A-2018-12699\" target=\"_blank\" rel=\"noreferrer noopener\">Real Decreto 1112\/2018, de 7 de septiembre, sobre accesibilidad de los sitios web y aplicaciones para dispositivos m\u00f3viles del sector p\u00fablico<\/a>.<\/p>\n\n\n\n<p>La presente declaraci\u00f3n de accesibilidad se aplica al sitio web\u00a0<a href=\"https:\/\/preciosboom2.rwdesarrollos.es\/ca\/\">https:\/\/preciosboom2.rwdesarrollos.es\/<\/a>.<\/p>\n\n\n\n<p>Este sitio web es plenamente conforme con&nbsp;<strong>RD 1112\/2018<\/strong>.<\/p>\n\n\n\n<p><small>La presente declaraci\u00f3n fue preparada el 13 de abril de 2023.<\/small><\/p>\n\n\n\n<p><small>El m\u00e9todo empleado para preparar la declaraci\u00f3n ha sido una autoevaluaci\u00f3n llevada a cabo por el propio<br>organismo.<\/small><\/p>\n\n\n\n<p><small>\u00daltima revisi\u00f3n de la declaraci\u00f3n: 12 de abril de 2023.<\/small><\/p>","protected":false},"excerpt":{"rendered":"<p>El organismo Precios Boom (LLUIS ABADIA SL) se ha comprometido a hacer accesible https:\/\/preciosboom2.rwdesarrollos.es\/,<\/p>","protected":false},"author":1,"featured_media":0,"parent":0,"menu_order":0,"comment_status":"closed","ping_status":"closed","template":"","meta":{"footnotes":"","_joinchat":[]},"_links":{"self":[{"href":"https:\/\/preciosboom2.rwdesarrollos.es\/ca\/wp-json\/wp\/v2\/pages\/15417"}],"collection":[{"href":"https:\/\/preciosboom2.rwdesarrollos.es\/ca\/wp-json\/wp\/v2\/pages"}],"about":[{"href":"https:\/\/preciosboom2.rwdesarrollos.es\/ca\/wp-json\/wp\/v2\/types\/page"}],"author":[{"embeddable":true,"href":"https:\/\/preciosboom2.rwdesarrollos.es\/ca\/wp-json\/wp\/v2\/users\/1"}],"replies":[{"embeddable":true,"href":"https:\/\/preciosboom2.rwdesarrollos.es\/ca\/wp-json\/wp\/v2\/comments?post=15417"}],"version-history":[{"count":0,"href":"https:\/\/preciosboom2.rwdesarrollos.es\/ca\/wp-json\/wp\/v2\/pages\/15417\/revisions"}],"wp:attachment":[{"href":"https:\/\/preciosboom2.rwdesarrollos.es\/ca\/wp-json\/wp\/v2\/media?parent=15417"}],"curies":[{"name":"wp","href":"https:\/\/api.w.org\/{rel}","templated":true}]}}