{"id":10287,"date":"2020-07-07T14:58:18","date_gmt":"2020-07-07T14:58:18","guid":{"rendered":"http:\/\/preciosboom.com\/?page_id=10287"},"modified":"2022-02-03T15:30:00","modified_gmt":"2022-02-03T14:30:00","slug":"terminos-y-condiciones-de-venta","status":"publish","type":"page","link":"https:\/\/preciosboom2.rwdesarrollos.es\/ca\/terminos-y-condiciones-de-venta\/","title":{"rendered":"Termes i condicions"},"content":{"rendered":"<p>En cumplimiento con el deber de informaci\u00f3n recogido en art\u00edculo 10 de la Ley 34\/2002, de 11 de Julio, de Servicios de la Sociedad de la Informaci\u00f3n y del Comercio Electr\u00f3nico, le informamos que el Sitio Web www.preciosboom.com (en adelante, la \u201cWeb\u201d) es titularidad de Lluis Abadia SL, con domicilio social en C\/ Cami de Muntanya 2 nave 4, Marratxi, Espa\u00f1a con NIF B07891690.<\/p>\n\n\n\n<h2 class=\"wp-block-heading\"><strong>Condiciones de uso<\/strong><\/h2>\n\n\n\n<p>Las presentes Condiciones describen los t\u00e9rminos aplicables a los servicios y contenidos ofrecidos a trav\u00e9s del sitio web www.preciosboom.com y regulan las relaciones jur\u00eddicas entre Lluis Abadia SL y el cliente.<\/p>\n\n\n\n<p>El acceso a la web es de car\u00e1cter libre y gratuito, la utilizaci\u00f3n de la Web supone la aceptaci\u00f3n sin reservas de la totalidad de las Condiciones de Uso. Si no estuvieras de acuerdo con estas condiciones debes abstenerte de utilizar esta p\u00e1gina.<\/p>\n\n\n\n<p>La visita al sitio eCommerce por parte del usuario deber\u00e1 hacerse de forma responsable y de conformidad a la legalidad vigente, la buena fe, las presentes Condiciones y respetando los derechos de propiedad intelectual e industrial de titularidad de Lluis Abadia SL o cualquier otras personas f\u00edsicas o jur\u00eddicas.<\/p>\n\n\n\n<p>El uso de cualquiera de los contenidos del sitio Web con finalidades que sean o pudieran ser il\u00edcitas queda totalmente prohibido, as\u00ed como la realizaci\u00f3n de cualquier acci\u00f3n que cause o pueda causar da\u00f1os o alteraciones de cualquier tipo no consentidas por Lluis Abadia SL, al sitio eCommerce o a sus contenidos.<\/p>\n\n\n\n<p>El sitio Web y los productos y servicios ofrecidos por Lluis Abadia SL est\u00e1 dirigido a mayores de edad con la capacidad jur\u00eddica suficiente para poder quedar vinculado por las presentes Condiciones de Uso. Es posible que la utilizaci\u00f3n de ciertos servicios o la contrataci\u00f3n de algunos bienes o servicios est\u00e9 sujeto a condiciones especiales complementaries que requerir\u00e1n el consentimiento expreso y que prevalecer\u00e1n en todo caso sobre las presentes condiciones generales.<\/p>\n\n\n\n<h2 class=\"wp-block-heading\"><strong>Registro de los usuarios<\/strong><\/h2>\n\n\n\n<p>La utilizaci\u00f3n de los servicios prestados por Lluis Abadia SL y la compra en la Web requiere el registro como usuario en la Web. Con la finalidad de completar el registro se deber\u00e1n aportar una serie de datos personales que deber\u00e1n ser veraces y exactos. Puedes consultar nuestra pol\u00edtica de privacidad en el siguiente enlace: www.preciosboom.com<\/p>\n\n\n\n<p>Asimismo, debes tener en cuenta que en todo momento puedes modificar tus datos personales, as\u00ed como ejercer los derechos de acceso, rectificaci\u00f3n, supresi\u00f3n, limitaci\u00f3n y de oposici\u00f3n de conformidad con la LO 3\/2018, de 5 de diciembre, de Protecci\u00f3n de Datos y de Garant\u00eda de los Derechos Digitales (LOPDGDD) y con el Reglamento (UE) 2016\/679, del Parlamento Europeo y del Consejo, de 27 de abril de 2016, relativo a la protecci\u00f3n de las personas f\u00edsicas en lo que respecta al tratamiento de datos personales y a la libre circulaci\u00f3n de estos datos (RGPD).<\/p>\n\n\n\n<h2 class=\"wp-block-heading\"><strong>Pedidos<\/strong><\/h2>\n\n\n\n<p>Una vez realizado un pedido, te llegar\u00e1 un mensaje confirmando la recepci\u00f3n del mismo as\u00ed como con informaci\u00f3n sobre el env\u00edo y la facturaci\u00f3n del pedido realizado.<\/p>\n\n\n\n<h2 class=\"wp-block-heading\"><strong>Forma de pago<\/strong><\/h2>\n\n\n\n<p>La adquisici\u00f3n de servicios o productos a trav\u00e9s de www.preciosboom.com permite las siguientes formas de pago:<\/p>\n\n\n\n<ul><li>Pago mediante tarjeta de d\u00e9bito o cr\u00e9dito a trav\u00e9s de un TPV virtual.<\/li><li>Pago por Paypal.<\/li><\/ul>\n\n\n\n<h2 class=\"wp-block-heading\"><strong>Precios<\/strong><\/h2>\n\n\n\n<p>Los precios de los productos son los indicados en la descripci\u00f3n que se les adjunta. Todos los precios indicados en la descripci\u00f3n de producto se expresan en la moneda Euro (\u20ac) e incluyen el Impuesto sobre el Valor A\u00f1adido (I.V.A.).<\/p>\n\n\n\n<h2 class=\"wp-block-heading\"><strong>Condiciones de env\u00edo<\/strong><\/h2>\n\n\n\n<p>www.preciosboom.com \u00fanicamente env\u00eda sus productos a: Espa\u00f1a, &#8230;.<\/p>\n\n\n\n<p>La compra est\u00e1 sujeta al pago de gastos de env\u00edo, a cuenta del comprador. Los gastos de env\u00edo depender\u00e1n del destino y del importe total del pedido, los gastos se detallar\u00e1n a lo largo del proceso de compra y podr\u00e1s revisar a cuanto ascienden los gastos de env\u00edo antes de finalizar la compra.<\/p>\n\n\n\n<p>www.preciosboom.com no se har\u00e1 responsable de la demora en la entrega de los pedidos por causas no imputables a la misma, as\u00ed como por casos fortuitos o de fuerza mayor.<\/p>\n\n\n\n<p>Entregas de 2 a 4 d\u00edas.<\/p>\n\n\n\n<h2 class=\"wp-block-heading\"><strong>Garant\u00eda de bienes de consumo<\/strong><\/h2>\n\n\n\n<p>Como cliente, tienes la consideraci\u00f3n de consumidor de conformidad con el Real Decreto Legislativo 1\/2007, de 16 de noviembre, por el que se aprueba el texto refundido de la Ley General para la Defensa de los Consumidores y Usuarios y otras leyes complementarias (en adelante, \u00abTRLGDCU\u00bb).<\/p>\n\n\n\n<p>En consecuencia, cuentas con el derecho de desistimiento que consiste en que puedas dejar sin efecto el contrato celebrado sin necesidad de justificar tu decisi\u00f3n durante los catorce (14) d\u00edas naturales desde que se reciba el bien adquirido o desde la celebraci\u00f3n del contrato si se trata de una prestaci\u00f3n de servicios.<\/p>\n\n\n\n<p>Deber\u00e1s manifestar tu intenci\u00f3n de desistir en el plazo indicado y proceder a la devoluci\u00f3n del producto, reembolsandote el precio abonado.<\/p>\n\n\n\n<p>En caso de tener problemas con productos o servicios adquiridos en esta Web puedes presentar una reclamaci\u00f3n mediante la plataforma de resoluci\u00f3n de litigios de la Uni\u00f3n Europea <a href=\"https:\/\/ec.europa.eu\/consumers\/odr\/main\/index.cfm?event=main.home.chooseLanguage\">aqu\u00ed <\/a>. Lluis Abadia SL se reserva la potestad de negarse a aceptar la reclamaci\u00f3n presentada a trav\u00e9s de la plataforma.<\/p>\n\n\n\n<h2 class=\"wp-block-heading\"><strong>Derecho de desistimiento de los pedidos<\/strong><\/h2>\n\n\n\n<p>El Usuario tiene reconocido el derecho de desistimiento de la compra efectuada a trav\u00e9s del Sitio Web, y por tanto, si no queda satisfecho, podr\u00e1 devolver el Producto en un plazo m\u00e1ximo de treinta (30) d\u00edas naturales desde que haya adquirido la posesi\u00f3n del producto\/s o desde la formalizaci\u00f3n del contrato en el caso de contrataci\u00f3n de prestaciones de servicio.<\/p>\n\n\n\n<p>El derecho de desistimiento se podr\u00e1 ejercer a trav\u00e9s de los siguientes canales:<\/p>\n\n\n\n<ol><li>A trav\u00e9s del Servicio Posventa del establecimiento de la Red de Distribuci\u00f3n m\u00e1s cercano, siempre aportando el Comprobante de Compra.<\/li><li>A trav\u00e9s del Sitio Web, rellenando el formulario web adjunto a la solicitud de devoluci\u00f3n.<\/li><li>Contactando con el Servicio de Atenci\u00f3n al Cliente, donde se indicar\u00e1n los pasos a seguir.<\/li><\/ol>\n\n\n\n<p>La devoluci\u00f3n incluir\u00e1 el importe de la compra y si hubieran existido, los costes de entrega. La devoluci\u00f3n se realizar\u00e1 en el mismo medio de pago con el que el Producto fue adquirido, descont\u00e1ndose los costes de devoluci\u00f3n que correr\u00e1n a cargo del cliente.<\/p>\n\n\n\n<p>El Cliente deber\u00e1 devolver los productos objeto de desistimiento sin ninguna demora indebida y en cualquier caso a m\u00e1s tardar en el plazo de 14 d\u00edas naturales a partir de la fecha en que se comunique su decisi\u00f3n de desistimiento.<\/p>\n\n\n\n<p>La devoluci\u00f3n del importe correspondiente al desistimiento se realizar\u00e1 en un plazo de 14 d\u00edas naturales desde la fecha en que haya sido comunicada efectiva e inequ\u00edvocamente la decisi\u00f3n de desistimiento del contrato y siempre que se hayan recibido previamente los bienes o productos objeto de desistimiento, en caso contrario, podr\u00e1 retenerse el desembolso hasta la recepci\u00f3n de dichos bienes o hasta que el Cliente acredite la devoluci\u00f3n de los bienes.<\/p>\n\n\n\n<p>Quedan excluidos del derecho de desistimiento:<\/p>\n\n\n\n<ol><li>La prestaci\u00f3n de servicios, una vez que el servicio haya sido completamente ejecutado.<\/li><li>El suministro de bienes o prestaciones de servicios confeccionados conforme a las especificaciones del Cliente o claramente personalizados.<\/li><li>El suministro de bienes precintados que no sean aptos para ser devueltos por razones de protecci\u00f3n de la salud o de higiene y que hayan sido desprecintados tras la entrega.<\/li><li>El suministro de grabaciones sonoras o de v\u00eddeo precintadas o de programas inform\u00e1ticos precintados que hayan sido desprecintados por el Cliente despu\u00e9s de la entrega.<\/li><li>Cualquier otro bien o servicio amparado en el art. 103 del RDL 1\/2007, de 16 de noviembre.<\/li><\/ol>\n\n\n\n<p>El Cliente ser\u00e1 responsable de la disminuci\u00f3n de valor de los bienes resultante de una manipulaci\u00f3n de los mismos distinta a la necesaria para establecer su naturaleza, sus caracter\u00edsticas o su funcionamiento. En todo caso, a los efectos de hacer uso del derecho de desistimiento, es necesario que los Productos sean devueltos en sus embalajes originales junto con la factura, en el caso de que se devuelvan sin dichos embalajes originales o con desperfectos el importe que se abonar\u00e1 al Cliente por la devoluci\u00f3n del producto ser\u00e1 disminuido en la cantidad que corresponda. Antes de devolver el Producto, el Cliente debe asegurarse de que el mismo el mismo se encuentra debidamente protegido y precintado para que no sufra ning\u00fan da\u00f1o durante el transporte.<\/p>\n\n\n\n<h2 class=\"wp-block-heading\"><strong>Nulidad e ineficacia de las cl\u00e1usulas<\/strong><\/h2>\n\n\n\n<p>Si cualquier cl\u00e1usula incluida en las presentes Condiciones fuese declarada total o parcialmente, nula o ineficaz, tal nulidad o ineficacia tan s\u00f3lo afectar\u00e1 a dicha disposici\u00f3n, subsistiendo las presentes Condiciones Generales en todo lo dem\u00e1s, teniendose tal disposici\u00f3n por no incluida.<\/p>\n\n\n\n<h2 class=\"wp-block-heading\"><strong>Legislaci\u00f3n aplicable y jurisdicci\u00f3n competente<\/strong><\/h2>\n\n\n\n<p>Las presentes condiciones se rigen de conformidad con la legislaci\u00f3n espa\u00f1ola. Lluis Abadia SL y el usuario acuerdan someter las controversias que pudieran surgir en relaci\u00f3n a la contrataci\u00f3n de productos o servicios objeto de estas Condiciones Generales, a los Juzgados y Tribunales del domicilio del Usuario.<\/p>","protected":false},"excerpt":{"rendered":"<p>En cumplimiento con el deber de informaci\u00f3n recogido en art\u00edculo 10 de la Ley<\/p>","protected":false},"author":1,"featured_media":0,"parent":0,"menu_order":0,"comment_status":"closed","ping_status":"closed","template":"","meta":{"footnotes":"","_joinchat":[]},"_links":{"self":[{"href":"https:\/\/preciosboom2.rwdesarrollos.es\/ca\/wp-json\/wp\/v2\/pages\/10287"}],"collection":[{"href":"https:\/\/preciosboom2.rwdesarrollos.es\/ca\/wp-json\/wp\/v2\/pages"}],"about":[{"href":"https:\/\/preciosboom2.rwdesarrollos.es\/ca\/wp-json\/wp\/v2\/types\/page"}],"author":[{"embeddable":true,"href":"https:\/\/preciosboom2.rwdesarrollos.es\/ca\/wp-json\/wp\/v2\/users\/1"}],"replies":[{"embeddable":true,"href":"https:\/\/preciosboom2.rwdesarrollos.es\/ca\/wp-json\/wp\/v2\/comments?post=10287"}],"version-history":[{"count":0,"href":"https:\/\/preciosboom2.rwdesarrollos.es\/ca\/wp-json\/wp\/v2\/pages\/10287\/revisions"}],"wp:attachment":[{"href":"https:\/\/preciosboom2.rwdesarrollos.es\/ca\/wp-json\/wp\/v2\/media?parent=10287"}],"curies":[{"name":"wp","href":"https:\/\/api.w.org\/{rel}","templated":true}]}}